{"id":8239,"date":"2025-02-23T13:41:39","date_gmt":"2025-02-23T12:41:39","guid":{"rendered":"https:\/\/goatness.software\/prissattning-for-personliga-tranare-och-coacher\/"},"modified":"2026-01-02T15:31:23","modified_gmt":"2026-01-02T14:31:23","slug":"prissattning-for-personliga-tranare-och-coacher","status":"publish","type":"page","link":"https:\/\/goatness.software\/sv\/prissattning-for-personliga-tranare-och-coacher\/","title":{"rendered":"Priss\u00e4ttning f\u00f6r personliga tr\u00e4nare och coacher"},"content":{"rendered":"\t\t<div data-elementor-type=\"wp-page\" data-elementor-id=\"8239\" class=\"elementor elementor-8239 elementor-8219\" data-elementor-post-type=\"page\">\n\t\t\t\t\t\t<section class=\"elementor-section elementor-top-section elementor-element elementor-element-583669a8 elementor-section-height-full elementor-section-items-stretch elementor-section-boxed elementor-section-height-default\" data-id=\"583669a8\" data-element_type=\"section\" data-e-type=\"section\" data-settings=\"{&quot;background_background&quot;:&quot;classic&quot;}\">\n\t\t\t\t\t\t<div class=\"elementor-container elementor-column-gap-default\">\n\t\t\t\t\t<div class=\"elementor-column elementor-col-50 elementor-top-column elementor-element elementor-element-29788623\" data-id=\"29788623\" data-element_type=\"column\" data-e-type=\"column\">\n\t\t\t<div class=\"elementor-widget-wrap elementor-element-populated\">\n\t\t\t\t\t\t<div class=\"elementor-element elementor-element-24aae3c6 elementor-invisible elementor-widget elementor-widget-heading\" data-id=\"24aae3c6\" data-element_type=\"widget\" data-e-type=\"widget\" data-settings=\"{&quot;_animation&quot;:&quot;fadeInUp&quot;,&quot;_animation_delay&quot;:&quot;150&quot;}\" data-widget_type=\"heading.default\">\n\t\t\t\t<div class=\"elementor-widget-container\">\n\t\t\t\t\t<h1 class=\"elementor-heading-title elementor-size-default\">Ta din coachning till n\u00e4sta niv\u00e5. S\u00e4tt ig\u00e5ng nu.<\/h1>\t\t\t\t<\/div>\n\t\t\t\t<\/div>\n\t\t\t\t<div class=\"elementor-element elementor-element-fe92197 elementor-invisible elementor-widget elementor-widget-heading\" data-id=\"fe92197\" data-element_type=\"widget\" data-e-type=\"widget\" data-settings=\"{&quot;_animation&quot;:&quot;fadeInUp&quot;,&quot;_animation_delay&quot;:&quot;150&quot;}\" data-widget_type=\"heading.default\">\n\t\t\t\t<div class=\"elementor-widget-container\">\n\t\t\t\t\t<h2 class=\"elementor-heading-title elementor-size-default\">1500 kr per m\u00e5nad (exkl. moms)<\/h2>\t\t\t\t<\/div>\n\t\t\t\t<\/div>\n\t\t\t\t<div class=\"elementor-element elementor-element-1ae82acf elementor-invisible elementor-widget elementor-widget-heading\" data-id=\"1ae82acf\" data-element_type=\"widget\" data-e-type=\"widget\" data-settings=\"{&quot;_animation&quot;:&quot;fadeInUp&quot;,&quot;_animation_delay&quot;:&quot;300&quot;}\" data-widget_type=\"heading.default\">\n\t\t\t\t<div class=\"elementor-widget-container\">\n\t\t\t\t\t<p class=\"elementor-heading-title elementor-size-default\">50 kunder<\/p>\t\t\t\t<\/div>\n\t\t\t\t<\/div>\n\t\t\t\t<div class=\"elementor-element elementor-element-21b0ba1 elementor-invisible elementor-widget elementor-widget-heading\" data-id=\"21b0ba1\" data-element_type=\"widget\" data-e-type=\"widget\" data-settings=\"{&quot;_animation&quot;:&quot;fadeInUp&quot;,&quot;_animation_delay&quot;:&quot;150&quot;}\" data-widget_type=\"heading.default\">\n\t\t\t\t<div class=\"elementor-widget-container\">\n\t\t\t\t\t<h2 class=\"elementor-heading-title elementor-size-default\">500 kr per m\u00e5nad (exkl. moms)<\/h2>\t\t\t\t<\/div>\n\t\t\t\t<\/div>\n\t\t\t\t<div class=\"elementor-element elementor-element-03bff22 elementor-invisible elementor-widget elementor-widget-heading\" data-id=\"03bff22\" data-element_type=\"widget\" data-e-type=\"widget\" data-settings=\"{&quot;_animation&quot;:&quot;fadeInUp&quot;,&quot;_animation_delay&quot;:&quot;300&quot;}\" data-widget_type=\"heading.default\">\n\t\t\t\t<div class=\"elementor-widget-container\">\n\t\t\t\t\t<p class=\"elementor-heading-title elementor-size-default\">10 kunder<\/p>\t\t\t\t<\/div>\n\t\t\t\t<\/div>\n\t\t\t\t<div class=\"elementor-element elementor-element-31be12b2 elementor-widget elementor-widget-themo-button\" data-id=\"31be12b2\" data-element_type=\"widget\" data-e-type=\"widget\" data-widget_type=\"themo-button.default\">\n\t\t\t\t<div class=\"elementor-widget-container\">\n\t\t\t\t\t\n                \t\t\t<a class=\"btn-1 btn th-btn btn-standard-primary\" href=\"#bookameeting\">\n\t\t\t\t\t\t\t\t\tBoka ett m\u00f6te\t\t\t\t\t\t\t<\/a>\n\t\t\n        \n\t\t\t\t\t\t<\/div>\n\t\t\t\t<\/div>\n\t\t\t\t\t<\/div>\n\t\t<\/div>\n\t\t\t\t<div class=\"elementor-column elementor-col-50 elementor-top-column elementor-element elementor-element-137f9df4\" data-id=\"137f9df4\" data-element_type=\"column\" data-e-type=\"column\">\n\t\t\t<div class=\"elementor-widget-wrap elementor-element-populated\">\n\t\t\t\t\t\t<div class=\"elementor-element elementor-element-4b0548b6 elementor-widget elementor-widget-image\" data-id=\"4b0548b6\" data-element_type=\"widget\" data-e-type=\"widget\" data-widget_type=\"image.default\">\n\t\t\t\t<div class=\"elementor-widget-container\">\n\t\t\t\t\t\t\t\t\t\t\t\t\t\t\t<img fetchpriority=\"high\" decoding=\"async\" width=\"1024\" height=\"698\" src=\"https:\/\/goatness.software\/wp-content\/uploads\/goals-chat-1024x698.png\" class=\"attachment-large size-large wp-image-12169\" alt=\"\" srcset=\"https:\/\/goatness.software\/wp-content\/uploads\/goals-chat-1024x698.png 1024w, https:\/\/goatness.software\/wp-content\/uploads\/goals-chat-300x204.png 300w, https:\/\/goatness.software\/wp-content\/uploads\/goals-chat-768x523.png 768w, https:\/\/goatness.software\/wp-content\/uploads\/goals-chat-1536x1047.png 1536w, https:\/\/goatness.software\/wp-content\/uploads\/goals-chat-2048x1396.png 2048w, https:\/\/goatness.software\/wp-content\/uploads\/goals-chat-110x75.png 110w, https:\/\/goatness.software\/wp-content\/uploads\/goals-chat-117x80.png 117w, https:\/\/goatness.software\/wp-content\/uploads\/goals-chat-394x268.png 394w, https:\/\/goatness.software\/wp-content\/uploads\/goals-chat-915x624.png 915w, https:\/\/goatness.software\/wp-content\/uploads\/goals-chat-1240x845.png 1240w, https:\/\/goatness.software\/wp-content\/uploads\/goals-chat-1585x1080.png 1585w\" sizes=\"(max-width: 1024px) 100vw, 1024px\" \/>\t\t\t\t\t\t\t\t\t\t\t\t\t\t\t<\/div>\n\t\t\t\t<\/div>\n\t\t\t\t\t<\/div>\n\t\t<\/div>\n\t\t\t\t\t<\/div>\n\t\t<\/section>\n\t\t\t\t<section class=\"elementor-section elementor-top-section elementor-element elementor-element-141e19ba elementor-section-boxed elementor-section-height-default elementor-section-height-default\" data-id=\"141e19ba\" data-element_type=\"section\" data-e-type=\"section\" id=\"bookameeting\">\n\t\t\t\t\t\t<div class=\"elementor-container elementor-column-gap-default\">\n\t\t\t\t\t<div class=\"elementor-column elementor-col-100 elementor-top-column elementor-element elementor-element-75cbc670\" data-id=\"75cbc670\" data-element_type=\"column\" data-e-type=\"column\">\n\t\t\t<div class=\"elementor-widget-wrap elementor-element-populated\">\n\t\t\t\t\t\t<div class=\"elementor-element elementor-element-4b3056da elementor-view-default elementor-position-top elementor-invisible elementor-widget elementor-widget-themo-header\" data-id=\"4b3056da\" data-element_type=\"widget\" data-e-type=\"widget\" data-settings=\"{&quot;_animation&quot;:&quot;fadeInUp&quot;}\" data-widget_type=\"themo-header.default\">\n\t\t\t\t<div class=\"elementor-widget-container\">\n\t\t\t\t\t\t\t<div class=\"th-header-wrap\">\n        <div class=\"elementor-icon-box-wrapper \">\n                            <div class=\"elementor-icon-box-content\">\n                    <h2 class=\"elementor-icon-box-title\">\n                        Boka ett m\u00f6te                    <\/h2>\n                                        <p class=\"elementor-icon-box-description\">Kontakta oss s\u00e5 vi kan ber\u00e4tta mer om hur vi kan hj\u00e4lpa dig att ta din coachning till n\u00e4sta niv\u00e5.<\/p>\n\n                                    <\/div>\n            <\/div>\n\n        <\/div>\n\n\t\t\t\t\t\t<\/div>\n\t\t\t\t<\/div>\n\t\t\t\t\t<\/div>\n\t\t<\/div>\n\t\t\t\t\t<\/div>\n\t\t<\/section>\n\t\t\t\t<section class=\"elementor-section elementor-top-section elementor-element elementor-element-43973e26 elementor-section-boxed elementor-section-height-default elementor-section-height-default\" data-id=\"43973e26\" data-element_type=\"section\" data-e-type=\"section\">\n\t\t\t\t\t\t<div class=\"elementor-container elementor-column-gap-extended\">\n\t\t\t\t\t<div class=\"elementor-column elementor-col-100 elementor-top-column elementor-element elementor-element-20f1aa0e\" data-id=\"20f1aa0e\" data-element_type=\"column\" data-e-type=\"column\">\n\t\t\t<div class=\"elementor-widget-wrap elementor-element-populated\">\n\t\t\t\t\t\t<div class=\"elementor-element elementor-element-20c431b9 elementor-widget elementor-widget-themo-formidable-form\" data-id=\"20c431b9\" data-element_type=\"widget\" data-e-type=\"widget\" data-widget_type=\"themo-formidable-form.default\">\n\t\t\t\t<div class=\"elementor-widget-container\">\n\t\t\t\t\t            <div class=\"th-fo-form  th-form-default  th-btn-form btn-standard-primary-form\"><div class=\"frm_forms  with_frm_style frm_style_formidable-style\" id=\"frm_form_11_container\" >\n<form enctype=\"multipart\/form-data\" method=\"post\" class=\"frm-show-form  frm_pro_form \" id=\"form_goat-quote-organization\" >\n<div class=\"frm_form_fields \">\n<fieldset>\n\r\n<div class=\"frm_fields_container\">\n<input type=\"hidden\" name=\"frm_action\" value=\"create\" \/>\n<input type=\"hidden\" name=\"form_id\" value=\"11\" \/>\n<input type=\"hidden\" name=\"frm_hide_fields_11\" id=\"frm_hide_fields_11\" value=\"\" \/>\n<input type=\"hidden\" name=\"form_key\" value=\"goat-quote-organization\" \/>\n<input type=\"hidden\" name=\"item_meta[0]\" value=\"\" \/>\n<input type=\"hidden\" id=\"frm_submit_entry_11\" name=\"frm_submit_entry_11\" value=\"c671953eaf\" \/><input type=\"hidden\" name=\"_wp_http_referer\" value=\"\/sv\/wp-json\/wp\/v2\/pages\/8239\" \/><div id=\"frm_field_50_container\" class=\"frm_form_field form-field  frm_required_field frm_none_container frm_full\">\r\n    <label for=\"field_xipbjr332\" class=\"frm_primary_label\">Namn\r\n        <span class=\"frm_required\">*<\/span>\r\n    <\/label>\r\n    <input  type=\"text\" id=\"field_xipbjr332\" name=\"item_meta[50]\" value=\"\"  placeholder=\"Namn\" data-reqmsg=\"F\u00e4ltet \u00e4r obligatoriskt.\" aria-required=\"true\" data-invmsg=\"Namn \u00e4r felaktig\" aria-invalid=\"false\"   \/>\r\n    \r\n    \r\n<\/div>\n<div id=\"frm_field_51_container\" class=\"frm_form_field form-field  frm_required_field frm_none_container frm_full\">\r\n    <label for=\"field_jaehy8332\" class=\"frm_primary_label\">E-post\r\n        <span class=\"frm_required\">*<\/span>\r\n    <\/label>\r\n    <input  type=\"text\" id=\"field_jaehy8332\" name=\"item_meta[51]\" value=\"\"  placeholder=\"E-post\" data-reqmsg=\"F\u00e4ltet \u00e4r obligatoriskt.\" aria-required=\"true\" data-invmsg=\"E-post \u00e4r felaktig\" aria-invalid=\"false\"   \/>\r\n    \r\n    \r\n<\/div>\n<div id=\"frm_field_52_container\" class=\"frm_form_field form-field  frm_required_field frm_none_container frm_full\">\r\n    <label for=\"field_cqpguu332\" class=\"frm_primary_label\">Telefon\r\n        <span class=\"frm_required\">*<\/span>\r\n    <\/label>\r\n    <input  type=\"text\" id=\"field_cqpguu332\" name=\"item_meta[52]\" value=\"\"  placeholder=\"Telefon\" data-reqmsg=\"F\u00e4ltet \u00e4r obligatoriskt.\" aria-required=\"true\" data-invmsg=\"Telefon \u00e4r felaktig\" aria-invalid=\"false\"   \/>\r\n    \r\n    \r\n<\/div>\n<div id=\"frm_field_53_container\" class=\"frm_form_field form-field  frm_required_field frm_none_container frm_full\">\r\n    <label for=\"field_3smj72\" id=\"field_3smj72_label\" class=\"frm_primary_label\">Organisationens namn\r\n        <span class=\"frm_required\" aria-hidden=\"true\">*<\/span>\r\n    <\/label>\r\n    <input  type=\"text\" id=\"field_3smj72\" name=\"item_meta[53]\" value=\"\"  placeholder=\"Organisation\" data-reqmsg=\"F\u00e4ltet \u00e4r obligatoriskt.\" aria-required=\"true\" data-invmsg=\"Texten \u00e4r felaktig\" aria-invalid=\"false\"   \/>\r\n    \r\n    \r\n<\/div>\n<div id=\"frm_field_54_container\" class=\"frm_form_field form-field  frm_required_field frm_none_container frm_full\">\r\n    <label for=\"field_kggkvh332\" class=\"frm_primary_label\">Meddelande\r\n        <span class=\"frm_required\">*<\/span>\r\n    <\/label>\r\n    <textarea name=\"item_meta[54]\" id=\"field_kggkvh332\" rows=\"5\"  placeholder=\"Meddelande\" data-reqmsg=\"F\u00e4ltet \u00e4r obligatoriskt.\" aria-required=\"true\" data-invmsg=\"Meddelande \u00e4r felaktig\" aria-invalid=\"false\"  ><\/textarea>\r\n    \r\n    \r\n<\/div>\n<div id=\"frm_field_98_container\" class=\"frm_form_field form-field \">\r\n\t<div class=\"frm_submit\">\r\n\r\n<input type=\"submit\" value=\"Skicka\"  class=\"frm_final_submit\" \/>\r\n<img decoding=\"async\" class=\"frm_ajax_loading\" src=\"https:\/\/goatness.software\/wp-content\/plugins\/formidable\/images\/ajax_loader.gif\" alt=\"Sending\" style=\"visibility:hidden;\" \/>\r\n\r\n<\/div>\r\n<\/div>\n\t<input type=\"hidden\" name=\"item_key\" value=\"\" \/>\n\t\t\t<div id=\"frm_field_122_container\">\n\t\t\t<label for=\"field_upf1v\" >\n\t\t\t\tOm du \u00e4r m\u00e4nsklig, l\u00e4mna det h\u00e4r f\u00e4ltet tomt.\t\t\t<\/label>\n\t\t\t<input  id=\"field_upf1v\" type=\"text\" class=\"frm_form_field form-field frm_verify\" name=\"item_meta[122]\" value=\"\"  \/>\n\t\t<\/div>\n\t\t<input name=\"frm_state\" type=\"hidden\" value=\"nuafqePy5k2CJwIGMqAlk41YyBF4Z5+eZ07Y2qIPHFpUF4yqe7sDs3YCrCoVlSdg\" \/><\/div>\n<\/fieldset>\n<\/div>\n\n<\/form>\n<\/div>\n<\/div>\n            \t\t\t\t<\/div>\n\t\t\t\t<\/div>\n\t\t\t\t\t<\/div>\n\t\t<\/div>\n\t\t\t\t\t<\/div>\n\t\t<\/section>\n\t\t\t\t<\/div>\n\t\t","protected":false},"excerpt":{"rendered":"<p>Ta din coachning till n\u00e4sta niv\u00e5. S\u00e4tt ig\u00e5ng nu. 1500 kr per m\u00e5nad (exkl. moms) 50 kunder 500 kr per m\u00e5nad (exkl. moms) 10 kunder Boka ett m\u00f6te Boka ett m\u00f6te Kontakta oss s\u00e5 vi kan ber\u00e4tta mer om hur &hellip; <a href=\"https:\/\/goatness.software\/sv\/prissattning-for-personliga-tranare-och-coacher\/\">Read More<\/a><\/p>\n","protected":false},"author":1,"featured_media":0,"parent":0,"menu_order":0,"comment_status":"closed","ping_status":"closed","template":"","meta":{"_monsterinsights_skip_tracking":false,"_monsterinsights_sitenote_active":false,"_monsterinsights_sitenote_note":"","_monsterinsights_sitenote_category":0,"footnotes":""},"class_list":["post-8239","page","type-page","status-publish","hentry"],"_links":{"self":[{"href":"https:\/\/goatness.software\/sv\/wp-json\/wp\/v2\/pages\/8239","targetHints":{"allow":["GET"]}}],"collection":[{"href":"https:\/\/goatness.software\/sv\/wp-json\/wp\/v2\/pages"}],"about":[{"href":"https:\/\/goatness.software\/sv\/wp-json\/wp\/v2\/types\/page"}],"author":[{"embeddable":true,"href":"https:\/\/goatness.software\/sv\/wp-json\/wp\/v2\/users\/1"}],"replies":[{"embeddable":true,"href":"https:\/\/goatness.software\/sv\/wp-json\/wp\/v2\/comments?post=8239"}],"version-history":[{"count":4,"href":"https:\/\/goatness.software\/sv\/wp-json\/wp\/v2\/pages\/8239\/revisions"}],"predecessor-version":[{"id":12174,"href":"https:\/\/goatness.software\/sv\/wp-json\/wp\/v2\/pages\/8239\/revisions\/12174"}],"wp:attachment":[{"href":"https:\/\/goatness.software\/sv\/wp-json\/wp\/v2\/media?parent=8239"}],"curies":[{"name":"wp","href":"https:\/\/api.w.org\/{rel}","templated":true}]}}