{"id":8014,"date":"2025-02-16T22:10:50","date_gmt":"2025-02-16T22:10:50","guid":{"rendered":"https:\/\/goatness.software\/serien-chasing-goatness\/"},"modified":"2025-10-14T13:33:55","modified_gmt":"2025-10-14T13:33:55","slug":"chasing-goatness-series","status":"publish","type":"page","link":"https:\/\/goatness.software\/sv\/chasing-goatness-series\/","title":{"rendered":"Chasing GOATness Serien"},"content":{"rendered":"\t\t<div data-elementor-type=\"wp-page\" data-elementor-id=\"8014\" class=\"elementor elementor-8014 elementor-8001\" data-elementor-post-type=\"page\">\n\t\t\t\t\t\t<section class=\"elementor-section elementor-top-section elementor-element elementor-element-2fefc4f8 elementor-section-full_width elementor-section-height-default elementor-section-height-default\" data-id=\"2fefc4f8\" data-element_type=\"section\" data-e-type=\"section\" data-settings=\"{&quot;background_background&quot;:&quot;gradient&quot;}\">\n\t\t\t\t\t\t<div class=\"elementor-container elementor-column-gap-wider\">\n\t\t\t\t\t<div class=\"elementor-column elementor-col-100 elementor-top-column elementor-element elementor-element-43532bfe\" data-id=\"43532bfe\" data-element_type=\"column\" data-e-type=\"column\" data-settings=\"{&quot;background_background&quot;:&quot;classic&quot;}\">\n\t\t\t<div class=\"elementor-widget-wrap elementor-element-populated\">\n\t\t\t\t\t\t<div class=\"elementor-element elementor-element-14754719 elementor-invisible elementor-widget elementor-widget-heading\" data-id=\"14754719\" data-element_type=\"widget\" data-e-type=\"widget\" data-settings=\"{&quot;_animation&quot;:&quot;fadeInUp&quot;,&quot;_animation_delay&quot;:&quot;150&quot;}\" data-widget_type=\"heading.default\">\n\t\t\t\t<div class=\"elementor-widget-container\">\n\t\t\t\t\t<h1 class=\"elementor-heading-title elementor-size-default\">Chasing GOATness Serien<\/h1>\t\t\t\t<\/div>\n\t\t\t\t<\/div>\n\t\t\t\t\t<\/div>\n\t\t<\/div>\n\t\t\t\t\t<\/div>\n\t\t<\/section>\n\t\t\t\t<section class=\"elementor-section elementor-top-section elementor-element elementor-element-345d476 elementor-section-boxed elementor-section-height-default elementor-section-height-default\" data-id=\"345d476\" data-element_type=\"section\" data-e-type=\"section\" data-settings=\"{&quot;background_background&quot;:&quot;gradient&quot;}\">\n\t\t\t\t\t\t<div class=\"elementor-container elementor-column-gap-default\">\n\t\t\t\t\t<div class=\"elementor-column elementor-col-50 elementor-top-column elementor-element elementor-element-a1f43a4\" data-id=\"a1f43a4\" data-element_type=\"column\" data-e-type=\"column\">\n\t\t\t<div class=\"elementor-widget-wrap elementor-element-populated\">\n\t\t\t\t\t\t<div class=\"elementor-element elementor-element-371de59 elementor-invisible elementor-widget elementor-widget-video\" data-id=\"371de59\" data-element_type=\"widget\" data-e-type=\"widget\" data-settings=\"{&quot;youtube_url&quot;:&quot;https:\\\/\\\/www.youtube.com\\\/watch?v=MQU3OoQ5dt0&quot;,&quot;_animation&quot;:&quot;fadeIn&quot;,&quot;lazy_load&quot;:&quot;yes&quot;,&quot;video_type&quot;:&quot;youtube&quot;,&quot;controls&quot;:&quot;yes&quot;}\" data-widget_type=\"video.default\">\n\t\t\t\t<div class=\"elementor-widget-container\">\n\t\t\t\t\t\t\t<div class=\"elementor-wrapper elementor-open-inline\">\n\t\t\t<div class=\"elementor-video\"><\/div>\t\t<\/div>\n\t\t\t\t\t\t<\/div>\n\t\t\t\t<\/div>\n\t\t\t\t\t<\/div>\n\t\t<\/div>\n\t\t\t\t<div class=\"elementor-column elementor-col-50 elementor-top-column elementor-element elementor-element-84883c6\" data-id=\"84883c6\" data-element_type=\"column\" data-e-type=\"column\">\n\t\t\t<div class=\"elementor-widget-wrap elementor-element-populated\">\n\t\t\t\t\t\t<div class=\"elementor-element elementor-element-863ef0f elementor-view-default elementor-position-top elementor-invisible elementor-widget elementor-widget-themo-header\" data-id=\"863ef0f\" data-element_type=\"widget\" data-e-type=\"widget\" data-settings=\"{&quot;_animation&quot;:&quot;fadeIn&quot;}\" data-widget_type=\"themo-header.default\">\n\t\t\t\t<div class=\"elementor-widget-container\">\n\t\t\t\t\t\t\t<div class=\"th-header-wrap\">\n        <div class=\"elementor-icon-box-wrapper \">\n                            <div class=\"elementor-icon-box-content\">\n                    <h3 class=\"elementor-icon-box-title\">\n                        Elena                    <\/h3>\n                                        <p class=\"elementor-icon-box-description\">Elena Sadiku levde f\u00f6r fotbollen, tills \u00e5r av skador tvingade henne att avsluta sin professionella spelarkarri\u00e4r alldeles f\u00f6r tidigt. Det som f\u00f6ljde var en kamp - inte bara f\u00f6r att l\u00e4ka fysiskt, utan ocks\u00e5 f\u00f6r att \u00e5terfinna sin plats i sporten. \n\nI den h\u00e4r minidokument\u00e4ren ber\u00e4ttar Elena om den k\u00e4nslom\u00e4ssiga resan fr\u00e5n fotbollsplanen, de mentala utmaningarna som f\u00e5 ser och v\u00e4gen tillbaka - inte som spelare utan som tr\u00e4nare.\n\n\u00c5r 2024 skrev hon historia genom att leda Celtic FC Women till sin f\u00f6rsta ligatitel n\u00e5gonsin och kvalificerade sig till UEFA Women's Champions League f\u00f6r f\u00f6rsta g\u00e5ngen - hon blev den yngsta tr\u00e4naren n\u00e5gonsin att leda ett lag till turneringen.\n\nDet h\u00e4r \u00e4r en ber\u00e4ttelse om styrka, f\u00f6rvandling och stark ambition - en p\u00e5minnelse om att slutet p\u00e5 en dr\u00f6m ibland bara \u00e4r b\u00f6rjan p\u00e5 en ny.<\/p>\n\n                                    <\/div>\n            <\/div>\n\n        <\/div>\n\n\t\t\t\t\t\t<\/div>\n\t\t\t\t<\/div>\n\t\t\t\t\t<\/div>\n\t\t<\/div>\n\t\t\t\t\t<\/div>\n\t\t<\/section>\n\t\t\t\t<section class=\"elementor-section elementor-top-section elementor-element elementor-element-75afa73b elementor-reverse-mobile elementor-section-boxed elementor-section-height-default elementor-section-height-default\" data-id=\"75afa73b\" data-element_type=\"section\" data-e-type=\"section\">\n\t\t\t\t\t\t<div class=\"elementor-container elementor-column-gap-default\">\n\t\t\t\t\t<div class=\"elementor-column elementor-col-50 elementor-top-column elementor-element elementor-element-168735a\" data-id=\"168735a\" data-element_type=\"column\" data-e-type=\"column\">\n\t\t\t<div class=\"elementor-widget-wrap elementor-element-populated\">\n\t\t\t\t\t\t<div class=\"elementor-element elementor-element-725b5156 elementor-view-default elementor-position-top elementor-invisible elementor-widget elementor-widget-themo-header\" data-id=\"725b5156\" data-element_type=\"widget\" data-e-type=\"widget\" data-settings=\"{&quot;_animation&quot;:&quot;fadeIn&quot;}\" data-widget_type=\"themo-header.default\">\n\t\t\t\t<div class=\"elementor-widget-container\">\n\t\t\t\t\t\t\t<div class=\"th-header-wrap\">\n        <div class=\"elementor-icon-box-wrapper \">\n                            <div class=\"elementor-icon-box-content\">\n                    <h3 class=\"elementor-icon-box-title\">\n                        Nathalie                    <\/h3>\n                                        <p class=\"elementor-icon-box-description\">F\u00f6lj den professionella kitesurfaren Nathalie Lambrecht i hennes resa mot dr\u00f6mmen om att bli v\u00e4rldsm\u00e4stare. Hon \u00f6ppnar upp om de k\u00e4nslor och utmaningar hon st\u00e4lls inf\u00f6r n\u00e4r hon st\u00e4ndigt pressar sig sj\u00e4lv till gr\u00e4nsen. \n\nNathalie reflekterar \u00f6ver sin mentala h\u00e4lsa, de tuffa aspekterna av att t\u00e4vla p\u00e5 elitniv\u00e5, och vad som kr\u00e4vs f\u00f6r att b\u00e5de v\u00e4xa som atlet och m\u00e4nniska. Det \u00e4r en inblick i upp- och nedg\u00e5ngarna hos en person som \u00e4r fast besluten att n\u00e5 toppen. <\/p>\n\n                                    <\/div>\n            <\/div>\n\n        <\/div>\n\n\t\t\t\t\t\t<\/div>\n\t\t\t\t<\/div>\n\t\t\t\t\t<\/div>\n\t\t<\/div>\n\t\t\t\t<div class=\"elementor-column elementor-col-50 elementor-top-column elementor-element elementor-element-2b014fec\" data-id=\"2b014fec\" data-element_type=\"column\" data-e-type=\"column\">\n\t\t\t<div class=\"elementor-widget-wrap elementor-element-populated\">\n\t\t\t\t\t\t<div class=\"elementor-element elementor-element-678bc441 elementor-invisible elementor-widget elementor-widget-video\" data-id=\"678bc441\" data-element_type=\"widget\" data-e-type=\"widget\" data-settings=\"{&quot;youtube_url&quot;:&quot;https:\\\/\\\/www.youtube.com\\\/watch?v=BMrtBag5YBM&quot;,&quot;_animation&quot;:&quot;fadeIn&quot;,&quot;lazy_load&quot;:&quot;yes&quot;,&quot;video_type&quot;:&quot;youtube&quot;,&quot;controls&quot;:&quot;yes&quot;}\" data-widget_type=\"video.default\">\n\t\t\t\t<div class=\"elementor-widget-container\">\n\t\t\t\t\t\t\t<div class=\"elementor-wrapper elementor-open-inline\">\n\t\t\t<div class=\"elementor-video\"><\/div>\t\t<\/div>\n\t\t\t\t\t\t<\/div>\n\t\t\t\t<\/div>\n\t\t\t\t\t<\/div>\n\t\t<\/div>\n\t\t\t\t\t<\/div>\n\t\t<\/section>\n\t\t\t\t<section class=\"elementor-section elementor-top-section elementor-element elementor-element-5294863d elementor-section-boxed elementor-section-height-default elementor-section-height-default\" data-id=\"5294863d\" data-element_type=\"section\" data-e-type=\"section\" data-settings=\"{&quot;background_background&quot;:&quot;gradient&quot;}\">\n\t\t\t\t\t\t<div class=\"elementor-container elementor-column-gap-default\">\n\t\t\t\t\t<div class=\"elementor-column elementor-col-50 elementor-top-column elementor-element elementor-element-1e74ebac\" data-id=\"1e74ebac\" data-element_type=\"column\" data-e-type=\"column\">\n\t\t\t<div class=\"elementor-widget-wrap elementor-element-populated\">\n\t\t\t\t\t\t<div class=\"elementor-element elementor-element-222ab339 elementor-invisible elementor-widget elementor-widget-video\" data-id=\"222ab339\" data-element_type=\"widget\" data-e-type=\"widget\" data-settings=\"{&quot;youtube_url&quot;:&quot;https:\\\/\\\/www.youtube.com\\\/watch?v=OiyxVzY1Ma8&quot;,&quot;_animation&quot;:&quot;fadeIn&quot;,&quot;lazy_load&quot;:&quot;yes&quot;,&quot;video_type&quot;:&quot;youtube&quot;,&quot;controls&quot;:&quot;yes&quot;}\" data-widget_type=\"video.default\">\n\t\t\t\t<div class=\"elementor-widget-container\">\n\t\t\t\t\t\t\t<div class=\"elementor-wrapper elementor-open-inline\">\n\t\t\t<div class=\"elementor-video\"><\/div>\t\t<\/div>\n\t\t\t\t\t\t<\/div>\n\t\t\t\t<\/div>\n\t\t\t\t\t<\/div>\n\t\t<\/div>\n\t\t\t\t<div class=\"elementor-column elementor-col-50 elementor-top-column elementor-element elementor-element-5058dd8d\" data-id=\"5058dd8d\" data-element_type=\"column\" data-e-type=\"column\">\n\t\t\t<div class=\"elementor-widget-wrap elementor-element-populated\">\n\t\t\t\t\t\t<div class=\"elementor-element elementor-element-45f325a1 elementor-view-default elementor-position-top elementor-invisible elementor-widget elementor-widget-themo-header\" data-id=\"45f325a1\" data-element_type=\"widget\" data-e-type=\"widget\" data-settings=\"{&quot;_animation&quot;:&quot;fadeIn&quot;}\" data-widget_type=\"themo-header.default\">\n\t\t\t\t<div class=\"elementor-widget-container\">\n\t\t\t\t\t\t\t<div class=\"th-header-wrap\">\n        <div class=\"elementor-icon-box-wrapper \">\n                            <div class=\"elementor-icon-box-content\">\n                    <h3 class=\"elementor-icon-box-title\">\n                        Seniorerna                    <\/h3>\n                                        <p class=\"elementor-icon-box-description\">Tv\u00e5 g\u00e5nger i veckan erbjuds seniorer i Malm\u00f6 gratis, professionellt coachade tr\u00e4ningspass som arrangeras av GOAT Sports och GOAT Charity. Deltagarna delar med sig om hur dessa pass ger gl\u00e4dje, fr\u00e4mjar gemenskap och f\u00f6rb\u00e4ttrar b\u00e5de deras mentala och fysiska h\u00e4lsa. <\/p>\n\n                                    <\/div>\n            <\/div>\n\n        <\/div>\n\n\t\t\t\t\t\t<\/div>\n\t\t\t\t<\/div>\n\t\t\t\t\t<\/div>\n\t\t<\/div>\n\t\t\t\t\t<\/div>\n\t\t<\/section>\n\t\t\t\t<section class=\"elementor-section elementor-top-section elementor-element elementor-element-23792c63 elementor-reverse-mobile elementor-section-boxed elementor-section-height-default elementor-section-height-default\" data-id=\"23792c63\" data-element_type=\"section\" data-e-type=\"section\">\n\t\t\t\t\t\t<div class=\"elementor-container elementor-column-gap-default\">\n\t\t\t\t\t<div class=\"elementor-column elementor-col-50 elementor-top-column elementor-element elementor-element-5f3cfa2d\" data-id=\"5f3cfa2d\" data-element_type=\"column\" data-e-type=\"column\">\n\t\t\t<div class=\"elementor-widget-wrap elementor-element-populated\">\n\t\t\t\t\t\t<div class=\"elementor-element elementor-element-147a1e28 elementor-view-default elementor-position-top elementor-invisible elementor-widget elementor-widget-themo-header\" data-id=\"147a1e28\" data-element_type=\"widget\" data-e-type=\"widget\" data-settings=\"{&quot;_animation&quot;:&quot;fadeIn&quot;}\" data-widget_type=\"themo-header.default\">\n\t\t\t\t<div class=\"elementor-widget-container\">\n\t\t\t\t\t\t\t<div class=\"th-header-wrap\">\n        <div class=\"elementor-icon-box-wrapper \">\n                            <div class=\"elementor-icon-box-content\">\n                    <h3 class=\"elementor-icon-box-title\">\n                        Frida                    <\/h3>\n                                        <p class=\"elementor-icon-box-description\">En ber\u00e4ttelse om Frida Elmbro, fastighetsm\u00e4klare och del\u00e4gare p\u00e5 T|F Agency \u2013 Real Estate. \n\nHon ber\u00e4ttar om att jaga sitt b\u00e4sta jag och hur GOAT Sports har hj\u00e4lpt henne att hitta v\u00e4rdet i v\u00e4lm\u00e5ende och en god h\u00e4lsa.<\/p>\n\n                                    <\/div>\n            <\/div>\n\n        <\/div>\n\n\t\t\t\t\t\t<\/div>\n\t\t\t\t<\/div>\n\t\t\t\t\t<\/div>\n\t\t<\/div>\n\t\t\t\t<div class=\"elementor-column elementor-col-50 elementor-top-column elementor-element elementor-element-558cd0d7\" data-id=\"558cd0d7\" data-element_type=\"column\" data-e-type=\"column\">\n\t\t\t<div class=\"elementor-widget-wrap elementor-element-populated\">\n\t\t\t\t\t\t<div class=\"elementor-element elementor-element-2f14e242 elementor-invisible elementor-widget elementor-widget-video\" data-id=\"2f14e242\" data-element_type=\"widget\" data-e-type=\"widget\" data-settings=\"{&quot;youtube_url&quot;:&quot;https:\\\/\\\/www.youtube.com\\\/watch?v=Ut2Hl3gcXz8&quot;,&quot;_animation&quot;:&quot;fadeIn&quot;,&quot;lazy_load&quot;:&quot;yes&quot;,&quot;video_type&quot;:&quot;youtube&quot;,&quot;controls&quot;:&quot;yes&quot;}\" data-widget_type=\"video.default\">\n\t\t\t\t<div class=\"elementor-widget-container\">\n\t\t\t\t\t\t\t<div class=\"elementor-wrapper elementor-open-inline\">\n\t\t\t<div class=\"elementor-video\"><\/div>\t\t<\/div>\n\t\t\t\t\t\t<\/div>\n\t\t\t\t<\/div>\n\t\t\t\t\t<\/div>\n\t\t<\/div>\n\t\t\t\t\t<\/div>\n\t\t<\/section>\n\t\t\t\t<section class=\"elementor-section elementor-top-section elementor-element elementor-element-6d6c4177 elementor-section-boxed elementor-section-height-default elementor-section-height-default\" data-id=\"6d6c4177\" data-element_type=\"section\" data-e-type=\"section\" data-settings=\"{&quot;background_background&quot;:&quot;gradient&quot;}\">\n\t\t\t\t\t\t<div class=\"elementor-container elementor-column-gap-default\">\n\t\t\t\t\t<div class=\"elementor-column elementor-col-50 elementor-top-column elementor-element elementor-element-48619c73\" data-id=\"48619c73\" data-element_type=\"column\" data-e-type=\"column\">\n\t\t\t<div class=\"elementor-widget-wrap elementor-element-populated\">\n\t\t\t\t\t\t<div class=\"elementor-element elementor-element-3332d39 elementor-invisible elementor-widget elementor-widget-video\" data-id=\"3332d39\" data-element_type=\"widget\" data-e-type=\"widget\" data-settings=\"{&quot;youtube_url&quot;:&quot;https:\\\/\\\/www.youtube.com\\\/watch?v=fQAIWukSLEU&quot;,&quot;_animation&quot;:&quot;fadeIn&quot;,&quot;lazy_load&quot;:&quot;yes&quot;,&quot;video_type&quot;:&quot;youtube&quot;,&quot;controls&quot;:&quot;yes&quot;}\" data-widget_type=\"video.default\">\n\t\t\t\t<div class=\"elementor-widget-container\">\n\t\t\t\t\t\t\t<div class=\"elementor-wrapper elementor-open-inline\">\n\t\t\t<div class=\"elementor-video\"><\/div>\t\t<\/div>\n\t\t\t\t\t\t<\/div>\n\t\t\t\t<\/div>\n\t\t\t\t\t<\/div>\n\t\t<\/div>\n\t\t\t\t<div class=\"elementor-column elementor-col-50 elementor-top-column elementor-element elementor-element-642fef9f\" data-id=\"642fef9f\" data-element_type=\"column\" data-e-type=\"column\">\n\t\t\t<div class=\"elementor-widget-wrap elementor-element-populated\">\n\t\t\t\t\t\t<div class=\"elementor-element elementor-element-2514c00 elementor-view-default elementor-position-top elementor-invisible elementor-widget elementor-widget-themo-header\" data-id=\"2514c00\" data-element_type=\"widget\" data-e-type=\"widget\" data-settings=\"{&quot;_animation&quot;:&quot;fadeIn&quot;}\" data-widget_type=\"themo-header.default\">\n\t\t\t\t<div class=\"elementor-widget-container\">\n\t\t\t\t\t\t\t<div class=\"th-header-wrap\">\n        <div class=\"elementor-icon-box-wrapper \">\n                            <div class=\"elementor-icon-box-content\">\n                    <h3 class=\"elementor-icon-box-title\">\n                        Elias                    <\/h3>\n                                        <p class=\"elementor-icon-box-description\">En ber\u00e4ttelse om Elias Weibert, en professionell basketspelare i den svenska basketligan.\n\nSom ambassad\u00f6r f\u00f6r GOAT Sports ber\u00e4ttar han om sina k\u00e4nslor och utmaningar i livet som h\u00f6gpresterande individ. Han delar med sig av sina tankar om mental h\u00e4lsa och hur man lever ett liv d\u00e4r man st\u00e4ndigt str\u00e4var efter att utvecklas. <\/p>\n\n                                    <\/div>\n            <\/div>\n\n        <\/div>\n\n\t\t\t\t\t\t<\/div>\n\t\t\t\t<\/div>\n\t\t\t\t\t<\/div>\n\t\t<\/div>\n\t\t\t\t\t<\/div>\n\t\t<\/section>\n\t\t\t\t<section class=\"elementor-section elementor-top-section elementor-element elementor-element-2ecaeedd elementor-reverse-mobile elementor-section-boxed elementor-section-height-default elementor-section-height-default\" data-id=\"2ecaeedd\" data-element_type=\"section\" data-e-type=\"section\">\n\t\t\t\t\t\t<div class=\"elementor-container elementor-column-gap-default\">\n\t\t\t\t\t<div class=\"elementor-column elementor-col-50 elementor-top-column elementor-element elementor-element-134402aa\" data-id=\"134402aa\" data-element_type=\"column\" data-e-type=\"column\">\n\t\t\t<div class=\"elementor-widget-wrap elementor-element-populated\">\n\t\t\t\t\t\t<div class=\"elementor-element elementor-element-2332f3fe elementor-view-default elementor-position-top elementor-invisible elementor-widget elementor-widget-themo-header\" data-id=\"2332f3fe\" data-element_type=\"widget\" data-e-type=\"widget\" data-settings=\"{&quot;_animation&quot;:&quot;fadeIn&quot;}\" data-widget_type=\"themo-header.default\">\n\t\t\t\t<div class=\"elementor-widget-container\">\n\t\t\t\t\t\t\t<div class=\"th-header-wrap\">\n        <div class=\"elementor-icon-box-wrapper \">\n                            <div class=\"elementor-icon-box-content\">\n                    <h3 class=\"elementor-icon-box-title\">\n                        Laurynne                    <\/h3>\n                                        <p class=\"elementor-icon-box-description\">En ber\u00e4ttelse om den 13 \u00e5riga bordtennisspelaren Laurynne Del Mundo Cabardo.\n\nSom ambassad\u00f6r f\u00f6r GOAT Sports delar hon med sig av sitt liv, sina dr\u00f6mmar och de utmaningar hon m\u00f6ter p\u00e5 sin resa f\u00f6r att bli den b\u00e4sta versionen av sig sj\u00e4lv. Nu har hon siktet inst\u00e4llt p\u00e5 OS 2028. <\/p>\n\n                                    <\/div>\n            <\/div>\n\n        <\/div>\n\n\t\t\t\t\t\t<\/div>\n\t\t\t\t<\/div>\n\t\t\t\t\t<\/div>\n\t\t<\/div>\n\t\t\t\t<div class=\"elementor-column elementor-col-50 elementor-top-column elementor-element elementor-element-db64dcf\" data-id=\"db64dcf\" data-element_type=\"column\" data-e-type=\"column\">\n\t\t\t<div class=\"elementor-widget-wrap elementor-element-populated\">\n\t\t\t\t\t\t<div class=\"elementor-element elementor-element-8790724 elementor-invisible elementor-widget elementor-widget-video\" data-id=\"8790724\" data-element_type=\"widget\" data-e-type=\"widget\" data-settings=\"{&quot;youtube_url&quot;:&quot;https:\\\/\\\/www.youtube.com\\\/watch?v=hkQe5OVRrjk&quot;,&quot;_animation&quot;:&quot;fadeIn&quot;,&quot;lazy_load&quot;:&quot;yes&quot;,&quot;video_type&quot;:&quot;youtube&quot;,&quot;controls&quot;:&quot;yes&quot;}\" data-widget_type=\"video.default\">\n\t\t\t\t<div class=\"elementor-widget-container\">\n\t\t\t\t\t\t\t<div class=\"elementor-wrapper elementor-open-inline\">\n\t\t\t<div class=\"elementor-video\"><\/div>\t\t<\/div>\n\t\t\t\t\t\t<\/div>\n\t\t\t\t<\/div>\n\t\t\t\t\t<\/div>\n\t\t<\/div>\n\t\t\t\t\t<\/div>\n\t\t<\/section>\n\t\t\t\t<\/div>\n\t\t","protected":false},"excerpt":{"rendered":"<p>Chasing GOATness Serien Elena Elena Sadiku levde f\u00f6r fotbollen, tills \u00e5r av skador tvingade henne att avsluta sin professionella spelarkarri\u00e4r alldeles f\u00f6r tidigt. Det som f\u00f6ljde var en kamp &#8211; inte bara f\u00f6r att l\u00e4ka fysiskt, utan ocks\u00e5 f\u00f6r att &hellip; <a href=\"https:\/\/goatness.software\/sv\/chasing-goatness-series\/\">Read More<\/a><\/p>\n","protected":false},"author":1,"featured_media":0,"parent":0,"menu_order":0,"comment_status":"closed","ping_status":"closed","template":"","meta":{"_monsterinsights_skip_tracking":false,"_monsterinsights_sitenote_active":false,"_monsterinsights_sitenote_note":"","_monsterinsights_sitenote_category":0,"footnotes":""},"class_list":["post-8014","page","type-page","status-publish","hentry"],"_links":{"self":[{"href":"https:\/\/goatness.software\/sv\/wp-json\/wp\/v2\/pages\/8014","targetHints":{"allow":["GET"]}}],"collection":[{"href":"https:\/\/goatness.software\/sv\/wp-json\/wp\/v2\/pages"}],"about":[{"href":"https:\/\/goatness.software\/sv\/wp-json\/wp\/v2\/types\/page"}],"author":[{"embeddable":true,"href":"https:\/\/goatness.software\/sv\/wp-json\/wp\/v2\/users\/1"}],"replies":[{"embeddable":true,"href":"https:\/\/goatness.software\/sv\/wp-json\/wp\/v2\/comments?post=8014"}],"version-history":[{"count":11,"href":"https:\/\/goatness.software\/sv\/wp-json\/wp\/v2\/pages\/8014\/revisions"}],"predecessor-version":[{"id":10757,"href":"https:\/\/goatness.software\/sv\/wp-json\/wp\/v2\/pages\/8014\/revisions\/10757"}],"wp:attachment":[{"href":"https:\/\/goatness.software\/sv\/wp-json\/wp\/v2\/media?parent=8014"}],"curies":[{"name":"wp","href":"https:\/\/api.w.org\/{rel}","templated":true}]}}