{"id":1097,"date":"2017-05-31T05:05:41","date_gmt":"2017-05-31T04:05:41","guid":{"rendered":"https:\/\/goatness.software\/om-oss\/"},"modified":"2025-12-17T22:06:33","modified_gmt":"2025-12-17T21:06:33","slug":"om-oss","status":"publish","type":"page","link":"https:\/\/goatness.software\/sv\/om-oss\/","title":{"rendered":"Om GOAT Factory"},"content":{"rendered":"\t\t<div data-elementor-type=\"wp-post\" data-elementor-id=\"1097\" class=\"elementor elementor-1097 elementor-221\" data-elementor-post-type=\"page\">\n\t\t\t\t\t\t<section class=\"elementor-section elementor-top-section elementor-element elementor-element-fc3f4ce elementor-section-full_width elementor-section-height-default elementor-section-height-default\" data-id=\"fc3f4ce\" data-element_type=\"section\" data-e-type=\"section\" data-settings=\"{&quot;background_background&quot;:&quot;gradient&quot;}\">\n\t\t\t\t\t\t<div class=\"elementor-container elementor-column-gap-wider\">\n\t\t\t\t\t<div class=\"elementor-column elementor-col-50 elementor-top-column elementor-element elementor-element-263d0b6\" data-id=\"263d0b6\" data-element_type=\"column\" data-e-type=\"column\" data-settings=\"{&quot;background_background&quot;:&quot;classic&quot;}\">\n\t\t\t<div class=\"elementor-widget-wrap elementor-element-populated\">\n\t\t\t\t\t\t<div class=\"elementor-element elementor-element-f3eb0c5 elementor-widget elementor-widget-spacer\" data-id=\"f3eb0c5\" data-element_type=\"widget\" data-e-type=\"widget\" data-widget_type=\"spacer.default\">\n\t\t\t\t<div class=\"elementor-widget-container\">\n\t\t\t\t\t\t\t<div class=\"elementor-spacer\">\n\t\t\t<div class=\"elementor-spacer-inner\"><\/div>\n\t\t<\/div>\n\t\t\t\t\t\t<\/div>\n\t\t\t\t<\/div>\n\t\t\t\t\t<\/div>\n\t\t<\/div>\n\t\t\t\t<div class=\"elementor-column elementor-col-50 elementor-top-column elementor-element elementor-element-17d09b8\" data-id=\"17d09b8\" data-element_type=\"column\" data-e-type=\"column\" data-settings=\"{&quot;background_background&quot;:&quot;classic&quot;}\">\n\t\t\t<div class=\"elementor-widget-wrap elementor-element-populated\">\n\t\t\t\t\t\t<div class=\"elementor-element elementor-element-1c1d15f elementor-invisible elementor-widget elementor-widget-heading\" data-id=\"1c1d15f\" data-element_type=\"widget\" data-e-type=\"widget\" data-settings=\"{&quot;_animation&quot;:&quot;fadeInUp&quot;,&quot;_animation_delay&quot;:&quot;150&quot;}\" data-widget_type=\"heading.default\">\n\t\t\t\t<div class=\"elementor-widget-container\">\n\t\t\t\t\t<h1 class=\"elementor-heading-title elementor-size-default\">OM GOAT FACTORY GROUP<\/h1>\t\t\t\t<\/div>\n\t\t\t\t<\/div>\n\t\t\t\t<div class=\"elementor-element elementor-element-03144a1 elementor-invisible elementor-widget elementor-widget-heading\" data-id=\"03144a1\" data-element_type=\"widget\" data-e-type=\"widget\" data-settings=\"{&quot;_animation&quot;:&quot;fadeInUp&quot;,&quot;_animation_delay&quot;:&quot;300&quot;}\" data-widget_type=\"heading.default\">\n\t\t\t\t<div class=\"elementor-widget-container\">\n\t\t\t\t\t<p class=\"elementor-heading-title elementor-size-default\"><p><strong>GOAT Factory Group<\/strong> \u00e4r ett h\u00e4lsoteknikf\u00f6retag med en tydlig vision: att g\u00f6ra v\u00e4rlden till en h\u00e4lsosammare plats att leva p\u00e5. Vi tror att varaktigt v\u00e4lm\u00e5ende byggs genom proaktiv handling, sj\u00e4lvinsikt och l\u00e5ngsiktig personlig utveckling \u2013 fysiskt, mentalt och intellektuellt. <\/p>\n<p>V\u00e5rt m\u00e5l \u00e4r att s\u00e4kerst\u00e4lla att varje individ, oavsett \u00e5lder, bakgrund eller f\u00f6ruts\u00e4ttningar, har tillg\u00e5ng till verktyg och st\u00f6d f\u00f6r att leva ett h\u00e4lsosammare och mer sj\u00e4lvst\u00e4rkt liv. Genom teknik g\u00f6r vi dessa verktyg tillg\u00e4ngliga, anv\u00e4ndbara och meningsfulla. <\/p><\/p>\t\t\t\t<\/div>\n\t\t\t\t<\/div>\n\t\t\t\t<div class=\"elementor-element elementor-element-b63cbdc elementor-invisible elementor-widget elementor-widget-heading\" data-id=\"b63cbdc\" data-element_type=\"widget\" data-e-type=\"widget\" data-settings=\"{&quot;_animation&quot;:&quot;fadeInUp&quot;,&quot;_animation_delay&quot;:&quot;300&quot;}\" data-widget_type=\"heading.default\">\n\t\t\t\t<div class=\"elementor-widget-container\">\n\t\t\t\t\t<p class=\"elementor-heading-title elementor-size-default\"><p><strong>V\u00e5r filosofi: Tre pelare f\u00f6r m\u00e4nsklig utveckling<\/strong><\/p>\n<p>I k\u00e4rnan av v\u00e5rt arbete finns tre grundpelare som v\u00e4gleder b\u00e5de v\u00e5r produktutveckling och v\u00e5rt syfte:<\/p>\n<ul style=\"list-style-type:none\">\n<li><strong>Persona<\/strong> \u2013 Sj\u00e4lvinsikt, reflektion och emotionell motst\u00e5ndskraft<\/li>\n<li><strong>Physique<\/strong> \u2013 Fysisk styrka, r\u00f6rlighet och vitalitet<\/li>\n<li><strong>Competence<\/strong> \u2013 Kunskap, f\u00e4rdigheter och kognitiv utveckling<\/li>\n<\/ul>\n<p>Dessa pelare utg\u00f6r grunden f\u00f6r v\u00e5r plattform och filosofi. De hj\u00e4lper individer att f\u00f6rst\u00e5 var de befinner sig idag och hur de kan v\u00e4xa \u2013 p\u00e5 sina egna villkor. <\/p><\/p>\t\t\t\t<\/div>\n\t\t\t\t<\/div>\n\t\t\t\t<div class=\"elementor-element elementor-element-bd18de3 elementor-invisible elementor-widget elementor-widget-heading\" data-id=\"bd18de3\" data-element_type=\"widget\" data-e-type=\"widget\" data-settings=\"{&quot;_animation&quot;:&quot;fadeInUp&quot;,&quot;_animation_delay&quot;:&quot;300&quot;}\" data-widget_type=\"heading.default\">\n\t\t\t\t<div class=\"elementor-widget-container\">\n\t\t\t\t\t<p class=\"elementor-heading-title elementor-size-default\"><p><strong>GOATNESS Software<\/strong><\/p>\n<p>V\u00e5r SaaS-produkt \u00e4r framtagen f\u00f6r att st\u00f6dja f\u00f6retagsh\u00e4lsa samt coacher och organisationer som idrottsklubbar. Oavsett om det handlar om att st\u00e4rka personal, idrottare eller hela team \u00e4r l\u00f6sningen utformad f\u00f6r att hj\u00e4lpa grupper att blomstra genom proaktiva h\u00e4lsoinsatser.<br> <\/p><\/p>\t\t\t\t<\/div>\n\t\t\t\t<\/div>\n\t\t\t\t<div class=\"elementor-element elementor-element-1fd144d elementor-invisible elementor-widget elementor-widget-heading\" data-id=\"1fd144d\" data-element_type=\"widget\" data-e-type=\"widget\" data-settings=\"{&quot;_animation&quot;:&quot;fadeInUp&quot;,&quot;_animation_delay&quot;:&quot;300&quot;}\" data-widget_type=\"heading.default\">\n\t\t\t\t<div class=\"elementor-widget-container\">\n\t\t\t\t\t<p class=\"elementor-heading-title elementor-size-default\"><p><strong>Vem vi \u00e4r till f\u00f6r<\/strong><\/p>\n<p>GOAT Factory Group finns f\u00f6r dem som vill v\u00e4xa. Oavsett om du \u00e4r en coach som v\u00e4gleder andra, ett f\u00f6retag som investerar i medarbetares v\u00e4lm\u00e5ende eller en idrottsklubb som vill ge sina atleter r\u00e4tt verktyg \u2013 s\u00e5 \u00e4r v\u00e5ra l\u00f6sningar skapade f\u00f6r dig. <\/p>\n<p>Vi st\u00f6ttar alla som \u00e4r redo att ta steg fram\u00e5t, f\u00f6rb\u00e4ttras och utvecklas \u2013 oavsett var de befinner sig p\u00e5 sin resa.<\/p><\/p>\t\t\t\t<\/div>\n\t\t\t\t<\/div>\n\t\t\t\t<div class=\"elementor-element elementor-element-9a74ae4 elementor-invisible elementor-widget elementor-widget-heading\" data-id=\"9a74ae4\" data-element_type=\"widget\" data-e-type=\"widget\" data-settings=\"{&quot;_animation&quot;:&quot;fadeInUp&quot;,&quot;_animation_delay&quot;:&quot;300&quot;}\" data-widget_type=\"heading.default\">\n\t\t\t\t<div class=\"elementor-widget-container\">\n\t\t\t\t\t<p class=\"elementor-heading-title elementor-size-default\"><p><strong>V\u00e5rt uppdrag<\/strong><\/p>\n<p>Vi bygger inte bara mjukvara \u2013 vi bygger en r\u00f6relse. En r\u00f6relse f\u00f6r proaktiv h\u00e4lsa, personlig utveckling och gemensamt ansvarstagande. Till skillnad fr\u00e5n m\u00e5nga andra h\u00e4lsoplattformar som fokuserar p\u00e5 enskilda delar, integrerar vi kropp, sinne och kunskap i ett sammanh\u00e4ngande system.  <\/p>\n<p>Genom v\u00e5r teknik, v\u00e5ra tj\u00e4nster och v\u00e5ra ideella initiativ vill vi inspirera individer och organisationer att ta ansvar f\u00f6r sitt v\u00e4lm\u00e5ende och bidra till en starkare, mer h\u00e5llbar framtid \u2013 en person i taget.<\/p><\/p>\t\t\t\t<\/div>\n\t\t\t\t<\/div>\n\t\t\t\t\t<\/div>\n\t\t<\/div>\n\t\t\t\t\t<\/div>\n\t\t<\/section>\n\t\t\t\t<section class=\"elementor-section elementor-top-section elementor-element elementor-element-qgk6sn0 elementor-section-boxed elementor-section-height-default elementor-section-height-default\" data-id=\"qgk6sn0\" data-element_type=\"section\" data-e-type=\"section\">\n\t\t\t\t\t\t<div class=\"elementor-container elementor-column-gap-default\">\n\t\t\t\t\t<div class=\"elementor-column elementor-col-100 elementor-top-column elementor-element elementor-element-uaw4tj7\" data-id=\"uaw4tj7\" data-element_type=\"column\" data-e-type=\"column\">\n\t\t\t<div class=\"elementor-widget-wrap elementor-element-populated\">\n\t\t\t\t\t\t<div class=\"elementor-element elementor-element-l1yaoi4 elementor-view-default elementor-position-top elementor-invisible elementor-widget elementor-widget-themo-header\" data-id=\"l1yaoi4\" data-element_type=\"widget\" data-e-type=\"widget\" data-settings=\"{&quot;_animation&quot;:&quot;fadeInUp&quot;}\" data-widget_type=\"themo-header.default\">\n\t\t\t\t<div class=\"elementor-widget-container\">\n\t\t\t\t\t\t\t<div class=\"th-header-wrap\">\n        <div class=\"elementor-icon-box-wrapper \">\n                            <div class=\"elementor-icon-box-content\">\n                    <h2 class=\"elementor-icon-box-title\">\n                        Kontakta Oss                    <\/h2>\n                                        <p class=\"elementor-icon-box-description\">Om du har n\u00e5gra fr\u00e5gor eller generella \u00e4renden tveka inte att kontakta oss.<\/p>\n\n                                    <\/div>\n            <\/div>\n\n        <\/div>\n\n\t\t\t\t\t\t<\/div>\n\t\t\t\t<\/div>\n\t\t\t\t\t<\/div>\n\t\t<\/div>\n\t\t\t\t\t<\/div>\n\t\t<\/section>\n\t\t\t\t<section class=\"elementor-section elementor-top-section elementor-element elementor-element-o7twky5 elementor-section-boxed elementor-section-height-default elementor-section-height-default\" data-id=\"o7twky5\" data-element_type=\"section\" data-e-type=\"section\">\n\t\t\t\t\t\t<div class=\"elementor-container elementor-column-gap-extended\">\n\t\t\t\t\t<div class=\"elementor-column elementor-col-100 elementor-top-column elementor-element elementor-element-mfjhgsy\" data-id=\"mfjhgsy\" data-element_type=\"column\" data-e-type=\"column\">\n\t\t\t<div class=\"elementor-widget-wrap elementor-element-populated\">\n\t\t\t\t\t\t<div class=\"elementor-element elementor-element-3luh5i2 elementor-widget elementor-widget-themo-formidable-form\" data-id=\"3luh5i2\" data-element_type=\"widget\" data-e-type=\"widget\" data-widget_type=\"themo-formidable-form.default\">\n\t\t\t\t<div class=\"elementor-widget-container\">\n\t\t\t\t\t            <div class=\"th-fo-form  th-form-default  th-btn-form btn-standard-primary-form\"><div class=\"frm_forms  with_frm_style frm_style_formidable-style\" id=\"frm_form_3_container\" >\n<form enctype=\"multipart\/form-data\" method=\"post\" class=\"frm-show-form  frm_pro_form \" id=\"form_goat-contact-us\" >\n<div class=\"frm_form_fields \">\n<fieldset>\n\r\n<div class=\"frm_fields_container\">\n<input type=\"hidden\" name=\"frm_action\" value=\"create\" \/>\n<input type=\"hidden\" name=\"form_id\" value=\"3\" \/>\n<input type=\"hidden\" name=\"frm_hide_fields_3\" id=\"frm_hide_fields_3\" value=\"\" \/>\n<input type=\"hidden\" name=\"form_key\" value=\"goat-contact-us\" \/>\n<input type=\"hidden\" name=\"item_meta[0]\" value=\"\" \/>\n<input type=\"hidden\" id=\"frm_submit_entry_3\" name=\"frm_submit_entry_3\" value=\"33923e1ed7\" \/><input type=\"hidden\" name=\"_wp_http_referer\" value=\"\/sv\/wp-json\/wp\/v2\/pages\/1097\" \/><div id=\"frm_field_9_container\" class=\"frm_form_field form-field  frm_required_field frm_none_container frm_full\">\r\n    <label for=\"field_xipbjr3\" class=\"frm_primary_label\">Namn\r\n        <span class=\"frm_required\">*<\/span>\r\n    <\/label>\r\n    <input  type=\"text\" id=\"field_xipbjr3\" name=\"item_meta[9]\" value=\"\"  placeholder=\"Namn\" data-reqmsg=\"F\u00e4ltet \u00e4r obligatoriskt.\" aria-required=\"true\" data-invmsg=\"Namn \u00e4r felaktig\" aria-invalid=\"false\"   \/>\r\n    \r\n    \r\n<\/div>\n<div id=\"frm_field_10_container\" class=\"frm_form_field form-field  frm_required_field frm_none_container frm_full\">\r\n    <label for=\"field_jaehy83\" class=\"frm_primary_label\">E-post\r\n        <span class=\"frm_required\">*<\/span>\r\n    <\/label>\r\n    <input  type=\"text\" id=\"field_jaehy83\" name=\"item_meta[10]\" value=\"\"  placeholder=\"E-post\" data-reqmsg=\"F\u00e4ltet \u00e4r obligatoriskt.\" aria-required=\"true\" data-invmsg=\"E-post \u00e4r felaktig\" aria-invalid=\"false\"   \/>\r\n    \r\n    \r\n<\/div>\n<div id=\"frm_field_11_container\" class=\"frm_form_field form-field  frm_none_container frm_full\">\r\n    <label for=\"field_cqpguu3\" class=\"frm_primary_label\">Telefon\r\n        <span class=\"frm_required\"><\/span>\r\n    <\/label>\r\n    <input  type=\"text\" id=\"field_cqpguu3\" name=\"item_meta[11]\" value=\"\"  placeholder=\"Telefon\" data-invmsg=\"Telefon \u00e4r felaktig\" aria-invalid=\"false\"   \/>\r\n    \r\n    \r\n<\/div>\n<div id=\"frm_field_13_container\" class=\"frm_form_field form-field  frm_required_field frm_none_container frm_full\">\r\n    <label for=\"field_kggkvh3\" class=\"frm_primary_label\">Meddelande\r\n        <span class=\"frm_required\">*<\/span>\r\n    <\/label>\r\n    <textarea name=\"item_meta[13]\" id=\"field_kggkvh3\" rows=\"5\"  placeholder=\"Meddelande\" data-reqmsg=\"F\u00e4ltet \u00e4r obligatoriskt.\" aria-required=\"true\" data-invmsg=\"Meddelande \u00e4r felaktig\" aria-invalid=\"false\"  ><\/textarea>\r\n    \r\n    \r\n<\/div>\n<div id=\"frm_field_83_container\" class=\"frm_form_field form-field \">\r\n\t<div class=\"frm_submit\">\r\n\r\n<input type=\"submit\" value=\"Skicka\"  class=\"frm_final_submit\" \/>\r\n<img decoding=\"async\" class=\"frm_ajax_loading\" src=\"https:\/\/goatness.software\/wp-content\/plugins\/formidable\/images\/ajax_loader.gif\" alt=\"Sending\" style=\"visibility:hidden;\" \/>\r\n\r\n<\/div>\r\n<\/div>\n\t<input type=\"hidden\" name=\"item_key\" value=\"\" \/>\n\t\t\t<div id=\"frm_field_122_container\">\n\t\t\t<label for=\"field_q4vtd\" >\n\t\t\t\tOm du \u00e4r m\u00e4nsklig, l\u00e4mna det h\u00e4r f\u00e4ltet tomt.\t\t\t<\/label>\n\t\t\t<input  id=\"field_q4vtd\" type=\"text\" class=\"frm_form_field form-field frm_verify\" name=\"item_meta[122]\" value=\"\"  \/>\n\t\t<\/div>\n\t\t<input name=\"frm_state\" type=\"hidden\" value=\"nuafqePy5k2CJwIGMqAlk7KTm73Uw6EZAoo8XJiaZvNUF4yqe7sDs3YCrCoVlSdg\" \/><\/div>\n<\/fieldset>\n<\/div>\n\n<\/form>\n<\/div>\n<\/div>\n            \t\t\t\t<\/div>\n\t\t\t\t<\/div>\n\t\t\t\t\t<\/div>\n\t\t<\/div>\n\t\t\t\t\t<\/div>\n\t\t<\/section>\n\t\t\t\t<\/div>\n\t\t","protected":false},"excerpt":{"rendered":"<p>OM GOAT FACTORY GROUP GOAT Factory Group \u00e4r ett h\u00e4lsoteknikf\u00f6retag med en tydlig vision: att g\u00f6ra v\u00e4rlden till en h\u00e4lsosammare plats att leva p\u00e5. Vi tror att varaktigt v\u00e4lm\u00e5ende byggs genom proaktiv handling, sj\u00e4lvinsikt och l\u00e5ngsiktig personlig utveckling \u2013 fysiskt, &hellip; <a href=\"https:\/\/goatness.software\/sv\/om-oss\/\">Read More<\/a><\/p>\n","protected":false},"author":1,"featured_media":1342,"parent":0,"menu_order":2,"comment_status":"closed","ping_status":"closed","template":"","meta":{"_monsterinsights_skip_tracking":false,"_monsterinsights_sitenote_active":false,"_monsterinsights_sitenote_note":"","_monsterinsights_sitenote_category":0,"footnotes":""},"class_list":["post-1097","page","type-page","status-publish","has-post-thumbnail","hentry"],"_links":{"self":[{"href":"https:\/\/goatness.software\/sv\/wp-json\/wp\/v2\/pages\/1097","targetHints":{"allow":["GET"]}}],"collection":[{"href":"https:\/\/goatness.software\/sv\/wp-json\/wp\/v2\/pages"}],"about":[{"href":"https:\/\/goatness.software\/sv\/wp-json\/wp\/v2\/types\/page"}],"author":[{"embeddable":true,"href":"https:\/\/goatness.software\/sv\/wp-json\/wp\/v2\/users\/1"}],"replies":[{"embeddable":true,"href":"https:\/\/goatness.software\/sv\/wp-json\/wp\/v2\/comments?post=1097"}],"version-history":[{"count":66,"href":"https:\/\/goatness.software\/sv\/wp-json\/wp\/v2\/pages\/1097\/revisions"}],"predecessor-version":[{"id":12084,"href":"https:\/\/goatness.software\/sv\/wp-json\/wp\/v2\/pages\/1097\/revisions\/12084"}],"wp:featuredmedia":[{"embeddable":true,"href":"https:\/\/goatness.software\/sv\/wp-json\/wp\/v2\/media\/1342"}],"wp:attachment":[{"href":"https:\/\/goatness.software\/sv\/wp-json\/wp\/v2\/media?parent=1097"}],"curies":[{"name":"wp","href":"https:\/\/api.w.org\/{rel}","templated":true}]}}